{"id":1272,"date":"2024-01-24T18:22:48","date_gmt":"2024-01-24T17:22:48","guid":{"rendered":"https:\/\/corepilateslab.com\/?page_id=1272"},"modified":"2024-01-31T13:37:25","modified_gmt":"2024-01-31T12:37:25","slug":"pilates-a-circles-co-living","status":"publish","type":"page","link":"https:\/\/corepilateslab.com\/en\/pilates-a-circles-co-living\/","title":{"rendered":"Pilates at Circles Co-Living"},"content":{"rendered":"<style>.kb-row-layout-id1272_81bcce-bf > .kt-row-column-wrap{align-content:start;}:where(.kb-row-layout-id1272_81bcce-bf > .kt-row-column-wrap) > .wp-block-kadence-column{justify-content:start;}.kb-row-layout-id1272_81bcce-bf > .kt-row-column-wrap{column-gap:var(--global-kb-gap-md, 2rem);row-gap:var(--global-kb-gap-md, 2rem);padding-top:var(--global-kb-spacing-sm, 1.5rem);padding-bottom:var(--global-kb-spacing-sm, 1.5rem);grid-template-columns:minmax(0, 1fr);}.kb-row-layout-id1272_81bcce-bf > .kt-row-layout-overlay{opacity:0.30;}@media all and (max-width: 1024px){.kb-row-layout-id1272_81bcce-bf > .kt-row-column-wrap{grid-template-columns:minmax(0, 1fr);}}@media all and (max-width: 767px){.kb-row-layout-id1272_81bcce-bf > .kt-row-column-wrap{grid-template-columns:minmax(0, 1fr);}}<\/style><div class=\"kb-row-layout-wrap kb-row-layout-id1272_81bcce-bf alignnone wp-block-kadence-rowlayout\"><div class=\"kt-row-column-wrap kt-has-1-columns kt-row-layout-equal kt-tab-layout-inherit kt-mobile-layout-row kt-row-valign-top\">\n<style>.kadence-column1272_de6bab-3b > .kt-inside-inner-col,.kadence-column1272_de6bab-3b > .kt-inside-inner-col:before{border-top-left-radius:0px;border-top-right-radius:0px;border-bottom-right-radius:0px;border-bottom-left-radius:0px;}.kadence-column1272_de6bab-3b > .kt-inside-inner-col{column-gap:var(--global-kb-gap-sm, 1rem);}.kadence-column1272_de6bab-3b > .kt-inside-inner-col{flex-direction:column;}.kadence-column1272_de6bab-3b > .kt-inside-inner-col > .aligncenter{width:100%;}.kadence-column1272_de6bab-3b > .kt-inside-inner-col:before{opacity:0.3;}.kadence-column1272_de6bab-3b{position:relative;}@media all and (max-width: 1024px){.kadence-column1272_de6bab-3b > .kt-inside-inner-col{flex-direction:column;justify-content:center;}}@media all and (max-width: 767px){.kadence-column1272_de6bab-3b > .kt-inside-inner-col{flex-direction:column;justify-content:center;}}<\/style>\n<div class=\"wp-block-kadence-column kadence-column1272_de6bab-3b\"><div class=\"kt-inside-inner-col\"><style>.kb-row-layout-id1272_5f11b2-be > .kt-row-column-wrap{align-content:start;}:where(.kb-row-layout-id1272_5f11b2-be > .kt-row-column-wrap) > .wp-block-kadence-column{justify-content:start;}.kb-row-layout-id1272_5f11b2-be > .kt-row-column-wrap{column-gap:var(--global-kb-gap-md, 2rem);row-gap:var(--global-kb-gap-md, 2rem);padding-top:var(--global-kb-spacing-sm, 1.5rem);padding-bottom:var(--global-kb-spacing-sm, 1.5rem);grid-template-columns:repeat(2, minmax(0, 1fr));}.kb-row-layout-id1272_5f11b2-be > .kt-row-layout-overlay{opacity:0.30;}@media all and (max-width: 1024px){.kb-row-layout-id1272_5f11b2-be > .kt-row-column-wrap{grid-template-columns:repeat(2, minmax(0, 1fr));}}@media all and (max-width: 767px){.kb-row-layout-id1272_5f11b2-be > .kt-row-column-wrap{grid-template-columns:minmax(0, 1fr);}}<\/style><div class=\"kb-row-layout-wrap kb-row-layout-id1272_5f11b2-be alignnone wp-block-kadence-rowlayout\"><div class=\"kt-row-column-wrap kt-has-2-columns kt-row-layout-equal kt-tab-layout-inherit kt-mobile-layout-row kt-row-valign-top\">\n<style>.kadence-column1272_cb8571-ba > .kt-inside-inner-col,.kadence-column1272_cb8571-ba > .kt-inside-inner-col:before{border-top-left-radius:0px;border-top-right-radius:0px;border-bottom-right-radius:0px;border-bottom-left-radius:0px;}.kadence-column1272_cb8571-ba > .kt-inside-inner-col{column-gap:var(--global-kb-gap-sm, 1rem);}.kadence-column1272_cb8571-ba > .kt-inside-inner-col{flex-direction:column;}.kadence-column1272_cb8571-ba > .kt-inside-inner-col > .aligncenter{width:100%;}.kadence-column1272_cb8571-ba > .kt-inside-inner-col:before{opacity:0.3;}.kadence-column1272_cb8571-ba{position:relative;}@media all and (max-width: 1024px){.kadence-column1272_cb8571-ba > .kt-inside-inner-col{flex-direction:column;justify-content:center;}}@media all and (max-width: 767px){.kadence-column1272_cb8571-ba > .kt-inside-inner-col{flex-direction:column;justify-content:center;}}<\/style>\n<div class=\"wp-block-kadence-column kadence-column1272_cb8571-ba\"><div class=\"kt-inside-inner-col\"><style>.kb-row-layout-id1272_b7203d-d8 > .kt-row-column-wrap{align-content:start;}:where(.kb-row-layout-id1272_b7203d-d8 > .kt-row-column-wrap) > .wp-block-kadence-column{justify-content:start;}.kb-row-layout-id1272_b7203d-d8 > .kt-row-column-wrap{column-gap:var(--global-kb-gap-md, 2rem);row-gap:var(--global-kb-gap-md, 2rem);padding-top:var(--global-kb-spacing-sm, 1.5rem);padding-bottom:var(--global-kb-spacing-sm, 1.5rem);grid-template-columns:minmax(0, 1fr);}.kb-row-layout-id1272_b7203d-d8 > .kt-row-layout-overlay{opacity:0.30;}@media all and (max-width: 1024px){.kb-row-layout-id1272_b7203d-d8 > .kt-row-column-wrap{grid-template-columns:minmax(0, 1fr);}}@media all and (max-width: 767px){.kb-row-layout-id1272_b7203d-d8 > .kt-row-column-wrap{grid-template-columns:minmax(0, 1fr);}}<\/style><div class=\"kb-row-layout-wrap kb-row-layout-id1272_b7203d-d8 alignnone wp-block-kadence-rowlayout\"><div class=\"kt-row-column-wrap kt-has-2-columns kt-row-layout-row kt-tab-layout-inherit kt-mobile-layout-row kt-row-valign-top\">\n<style>.kadence-column1272_e8c59f-d4 > .kt-inside-inner-col,.kadence-column1272_e8c59f-d4 > .kt-inside-inner-col:before{border-top-left-radius:0px;border-top-right-radius:0px;border-bottom-right-radius:0px;border-bottom-left-radius:0px;}.kadence-column1272_e8c59f-d4 > .kt-inside-inner-col{column-gap:var(--global-kb-gap-sm, 1rem);}.kadence-column1272_e8c59f-d4 > .kt-inside-inner-col{flex-direction:column;}.kadence-column1272_e8c59f-d4 > .kt-inside-inner-col > .aligncenter{width:100%;}.kadence-column1272_e8c59f-d4 > .kt-inside-inner-col:before{opacity:0.3;}.kadence-column1272_e8c59f-d4{position:relative;}@media all and (max-width: 1024px){.kadence-column1272_e8c59f-d4 > .kt-inside-inner-col{flex-direction:column;justify-content:center;}}@media all and (max-width: 767px){.kadence-column1272_e8c59f-d4 > .kt-inside-inner-col{flex-direction:column;justify-content:center;}}<\/style>\n<div class=\"wp-block-kadence-column kadence-column1272_e8c59f-d4\"><div class=\"kt-inside-inner-col\"><style>.kb-image1272_9c7f2b-d4 .kb-image-has-overlay:after{opacity:0.3;}<\/style>\n<figure class=\"wp-block-kadence-image kb-image1272_9c7f2b-d4 size-large\"><img loading=\"lazy\" decoding=\"async\" width=\"632\" height=\"1024\" src=\"https:\/\/corepilateslab.com\/wp-content\/uploads\/2024\/01\/FullSizeRender-632x1024.jpg\" alt=\"\" class=\"kb-img wp-image-1276\" srcset=\"https:\/\/corepilateslab.com\/wp-content\/uploads\/2024\/01\/FullSizeRender-632x1024.jpg 632w, https:\/\/corepilateslab.com\/wp-content\/uploads\/2024\/01\/FullSizeRender-185x300.jpg 185w, https:\/\/corepilateslab.com\/wp-content\/uploads\/2024\/01\/FullSizeRender-768x1243.jpg 768w, https:\/\/corepilateslab.com\/wp-content\/uploads\/2024\/01\/FullSizeRender-949x1536.jpg 949w, https:\/\/corepilateslab.com\/wp-content\/uploads\/2024\/01\/FullSizeRender-1265x2048.jpg 1265w, https:\/\/corepilateslab.com\/wp-content\/uploads\/2024\/01\/FullSizeRender-7x12.jpg 7w, https:\/\/corepilateslab.com\/wp-content\/uploads\/2024\/01\/FullSizeRender-600x971.jpg 600w, https:\/\/corepilateslab.com\/wp-content\/uploads\/2024\/01\/FullSizeRender-scaled.jpg 1581w\" sizes=\"(max-width: 632px) 100vw, 632px\" \/><\/figure><\/div><\/div>\n\n<style>.kadence-column1272_94e805-a0 > .kt-inside-inner-col,.kadence-column1272_94e805-a0 > .kt-inside-inner-col:before{border-top-left-radius:0px;border-top-right-radius:0px;border-bottom-right-radius:0px;border-bottom-left-radius:0px;}.kadence-column1272_94e805-a0 > .kt-inside-inner-col{column-gap:var(--global-kb-gap-sm, 1rem);}.kadence-column1272_94e805-a0 > .kt-inside-inner-col{flex-direction:column;}.kadence-column1272_94e805-a0 > .kt-inside-inner-col > .aligncenter{width:100%;}.kadence-column1272_94e805-a0 > .kt-inside-inner-col:before{opacity:0.3;}.kadence-column1272_94e805-a0{position:relative;}@media all and (max-width: 1024px){.kadence-column1272_94e805-a0 > .kt-inside-inner-col{flex-direction:column;justify-content:center;}}@media all and (max-width: 767px){.kadence-column1272_94e805-a0 > .kt-inside-inner-col{flex-direction:column;justify-content:center;}}<\/style>\n<div class=\"wp-block-kadence-column kadence-column1272_94e805-a0\"><div class=\"kt-inside-inner-col\"><style>.wp-block-kadence-advancedbtn.kb-btns1272_4fde22-d5{gap:var(--global-kb-gap-xs, 0.5rem );justify-content:center;align-items:center;}.kt-btns1272_4fde22-d5 .kt-button{font-weight:normal;font-style:normal;}.kt-btns1272_4fde22-d5 .kt-btn-wrap-0{margin-right:5px;}.wp-block-kadence-advancedbtn.kt-btns1272_4fde22-d5 .kt-btn-wrap-0 .kt-button{color:#555555;border-color:#555555;}.wp-block-kadence-advancedbtn.kt-btns1272_4fde22-d5 .kt-btn-wrap-0 .kt-button:hover, .wp-block-kadence-advancedbtn.kt-btns1272_4fde22-d5 .kt-btn-wrap-0 .kt-button:focus{color:#ffffff;border-color:#444444;}.wp-block-kadence-advancedbtn.kt-btns1272_4fde22-d5 .kt-btn-wrap-0 .kt-button::before{display:none;}.wp-block-kadence-advancedbtn.kt-btns1272_4fde22-d5 .kt-btn-wrap-0 .kt-button:hover, .wp-block-kadence-advancedbtn.kt-btns1272_4fde22-d5 .kt-btn-wrap-0 .kt-button:focus{background:#444444;}<\/style>\n<div class=\"wp-block-kadence-advancedbtn kb-buttons-wrap kb-btns1272_4fde22-d5\"><style>ul.menu .wp-block-kadence-advancedbtn .kb-btn1272_d9db49-55.kb-button{width:initial;}<\/style><a class=\"kb-button kt-button button kb-btn1272_d9db49-55 kt-btn-size-standard kt-btn-width-type-auto kb-btn-global-fill kt-btn-has-text-true kt-btn-has-svg-false wp-block-kadence-singlebtn\" href=\"https:\/\/lu.ma\/u\/usr-4lormHLI4dzWfjU\"><span class=\"kt-btn-inner-text\">FULL<\/span><\/a><\/div><\/div><\/div>\n<\/div><\/div><\/div><\/div>\n\n<style>.kadence-column1272_4d721b-9e > .kt-inside-inner-col,.kadence-column1272_4d721b-9e > .kt-inside-inner-col:before{border-top-left-radius:0px;border-top-right-radius:0px;border-bottom-right-radius:0px;border-bottom-left-radius:0px;}.kadence-column1272_4d721b-9e > .kt-inside-inner-col{column-gap:var(--global-kb-gap-sm, 1rem);}.kadence-column1272_4d721b-9e > .kt-inside-inner-col{flex-direction:column;}.kadence-column1272_4d721b-9e > .kt-inside-inner-col > .aligncenter{width:100%;}.kadence-column1272_4d721b-9e > .kt-inside-inner-col:before{opacity:0.3;}.kadence-column1272_4d721b-9e{position:relative;}@media all and (max-width: 1024px){.kadence-column1272_4d721b-9e > .kt-inside-inner-col{flex-direction:column;justify-content:center;}}@media all and (max-width: 767px){.kadence-column1272_4d721b-9e > .kt-inside-inner-col{flex-direction:column;justify-content:center;}}<\/style>\n<div class=\"wp-block-kadence-column kadence-column1272_4d721b-9e\"><div class=\"kt-inside-inner-col\"><style>.kb-row-layout-id1272_cb28ec-f3 > .kt-row-column-wrap{align-content:start;}:where(.kb-row-layout-id1272_cb28ec-f3 > .kt-row-column-wrap) > .wp-block-kadence-column{justify-content:start;}.kb-row-layout-id1272_cb28ec-f3 > .kt-row-column-wrap{column-gap:var(--global-kb-gap-md, 2rem);row-gap:var(--global-kb-gap-md, 2rem);padding-top:var(--global-kb-spacing-sm, 1.5rem);padding-bottom:var(--global-kb-spacing-sm, 1.5rem);grid-template-columns:minmax(0, 1fr);}.kb-row-layout-id1272_cb28ec-f3 > .kt-row-layout-overlay{opacity:0.30;}@media all and (max-width: 1024px){.kb-row-layout-id1272_cb28ec-f3 > .kt-row-column-wrap{grid-template-columns:minmax(0, 1fr);}}@media all and (max-width: 767px){.kb-row-layout-id1272_cb28ec-f3 > .kt-row-column-wrap{grid-template-columns:minmax(0, 1fr);}}<\/style><div class=\"kb-row-layout-wrap kb-row-layout-id1272_cb28ec-f3 alignnone wp-block-kadence-rowlayout\"><div class=\"kt-row-column-wrap kt-has-2-columns kt-row-layout-row kt-tab-layout-inherit kt-mobile-layout-row kt-row-valign-top\">\n<style>.kadence-column1272_0162eb-70 > .kt-inside-inner-col,.kadence-column1272_0162eb-70 > .kt-inside-inner-col:before{border-top-left-radius:0px;border-top-right-radius:0px;border-bottom-right-radius:0px;border-bottom-left-radius:0px;}.kadence-column1272_0162eb-70 > .kt-inside-inner-col{column-gap:var(--global-kb-gap-sm, 1rem);}.kadence-column1272_0162eb-70 > .kt-inside-inner-col{flex-direction:column;}.kadence-column1272_0162eb-70 > .kt-inside-inner-col > .aligncenter{width:100%;}.kadence-column1272_0162eb-70 > .kt-inside-inner-col:before{opacity:0.3;}.kadence-column1272_0162eb-70{position:relative;}@media all and (max-width: 1024px){.kadence-column1272_0162eb-70 > .kt-inside-inner-col{flex-direction:column;justify-content:center;}}@media all and (max-width: 767px){.kadence-column1272_0162eb-70 > .kt-inside-inner-col{flex-direction:column;justify-content:center;}}<\/style>\n<div class=\"wp-block-kadence-column kadence-column1272_0162eb-70\"><div class=\"kt-inside-inner-col\"><style>.wp-block-kadence-advancedheading.kt-adv-heading1272_9c0b7f-6b, .wp-block-kadence-advancedheading.kt-adv-heading1272_9c0b7f-6b[data-kb-block=\"kb-adv-heading1272_9c0b7f-6b\"]{font-style:normal;}.wp-block-kadence-advancedheading.kt-adv-heading1272_9c0b7f-6b mark.kt-highlight, .wp-block-kadence-advancedheading.kt-adv-heading1272_9c0b7f-6b[data-kb-block=\"kb-adv-heading1272_9c0b7f-6b\"] mark.kt-highlight{font-style:normal;color:#f76a0c;-webkit-box-decoration-break:clone;box-decoration-break:clone;padding-top:0px;padding-right:0px;padding-bottom:0px;padding-left:0px;}<\/style>\n<h2 class=\"kt-adv-heading1272_9c0b7f-6b wp-block-kadence-advancedheading\" data-kb-block=\"kb-adv-heading1272_9c0b7f-6b\">Pilates \u00e0 Circles (\u00c9v\u00e8nement en Anglais)<\/h2><\/div><\/div>\n\n<style>.kadence-column1272_e5e723-09 > .kt-inside-inner-col,.kadence-column1272_e5e723-09 > .kt-inside-inner-col:before{border-top-left-radius:0px;border-top-right-radius:0px;border-bottom-right-radius:0px;border-bottom-left-radius:0px;}.kadence-column1272_e5e723-09 > .kt-inside-inner-col{column-gap:var(--global-kb-gap-sm, 1rem);}.kadence-column1272_e5e723-09 > .kt-inside-inner-col{flex-direction:column;}.kadence-column1272_e5e723-09 > .kt-inside-inner-col > .aligncenter{width:100%;}.kadence-column1272_e5e723-09 > .kt-inside-inner-col:before{opacity:0.3;}.kadence-column1272_e5e723-09{position:relative;}@media all and (max-width: 1024px){.kadence-column1272_e5e723-09 > .kt-inside-inner-col{flex-direction:column;justify-content:center;}}@media all and (max-width: 767px){.kadence-column1272_e5e723-09 > .kt-inside-inner-col{flex-direction:column;justify-content:center;}}<\/style>\n<div class=\"wp-block-kadence-column kadence-column1272_e5e723-09\"><div class=\"kt-inside-inner-col\"><p>What could be better than a Pilates class with breathtaking views of Barcelona?<\/p>\n\n<p><strong>On the agenda<\/strong><\/p>\n\n<p>&#8211; <strong>Monday from 18h to 18h45\u00a0<\/strong>Pilates Recharge<br>Ideal for improving posture and recharging your batteries mid-week, this class targets your entire silhouette with a focus on toning deep abdominal muscles. Enjoy the perfect blend of energizing music and precise Pilates movements to relax your mind and alleviate the stress accumulated in your joints.<br><br>&#8211; <strong>Le mercredi de 9h \u00e0 9h45<\/strong>: Pilates PowerBurn<br>Immerse yourself in a dynamic and invigorating Pilates class that will emphasize your glutes and transport you into the musical universe of the 90s. Through a combination of diverse exercises, you'll work on your strength, endurance, and coordination. This class is specifically designed to target the glute muscles, aiming to achieve sculpted and powerful buttocks.\u00a0<br><br><strong>Where?<\/strong><br><strong><em>Rendez-vous \u00e0 Circles House | Coliving &amp; Coworking<\/em><\/strong><br>Cam\u00ed de Vallvidrera al Tibidabo num5, 08017 Barcelona.<\/p>\n\n<p><strong>When?<br><\/strong>Meeting <em><strong>Every Mondays &amp; Wednesdays, from January 24th to February 8th. <\/strong><\/em><\/p>\n\n<ul><li>Limited spots available, reservation through the form.<\/li>\n\n<li>Bring a workout mat.<\/li>\n\n<li>Classes suitable for all levels.<\/li><\/ul><\/div><\/div>\n<\/div><\/div><\/div><\/div>\n<\/div><\/div><\/div><\/div>\n<\/div><\/div>","protected":false},"excerpt":{"rendered":"<p>Pilates \u00e0 Circles (\u00c9v\u00e8nement en Anglais) Quoi de mieux qu&rsquo;un cours de Pilates offrant une vue imprenable sur Barcelone ? Au programme &#8211; Le lundi de 18h \u00e0 18h45:\u00a0Pilates RechargeId\u00e9al pour am\u00e9liorer la posture et recharger tes batteries en milieu de semaine, ce cours travaille l\u2019ensemble de ta silhouette et met l\u2019accent sur le tonus&#8230;<\/p>","protected":false},"author":1,"featured_media":0,"parent":0,"menu_order":0,"comment_status":"closed","ping_status":"closed","template":"","meta":{"_kad_post_transparent":"","_kad_post_title":"","_kad_post_layout":"","_kad_post_sidebar_id":"","_kad_post_content_style":"","_kad_post_vertical_padding":"","_kad_post_feature":"","_kad_post_feature_position":"","_kad_post_header":false,"_kad_post_footer":false,"_kad_post_classname":"","footnotes":""},"_links":{"self":[{"href":"https:\/\/corepilateslab.com\/en\/wp-json\/wp\/v2\/pages\/1272"}],"collection":[{"href":"https:\/\/corepilateslab.com\/en\/wp-json\/wp\/v2\/pages"}],"about":[{"href":"https:\/\/corepilateslab.com\/en\/wp-json\/wp\/v2\/types\/page"}],"author":[{"embeddable":true,"href":"https:\/\/corepilateslab.com\/en\/wp-json\/wp\/v2\/users\/1"}],"replies":[{"embeddable":true,"href":"https:\/\/corepilateslab.com\/en\/wp-json\/wp\/v2\/comments?post=1272"}],"version-history":[{"count":8,"href":"https:\/\/corepilateslab.com\/en\/wp-json\/wp\/v2\/pages\/1272\/revisions"}],"predecessor-version":[{"id":1407,"href":"https:\/\/corepilateslab.com\/en\/wp-json\/wp\/v2\/pages\/1272\/revisions\/1407"}],"wp:attachment":[{"href":"https:\/\/corepilateslab.com\/en\/wp-json\/wp\/v2\/media?parent=1272"}],"curies":[{"name":"wp","href":"https:\/\/api.w.org\/{rel}","templated":true}]}}