{"id":14,"date":"2023-06-05T17:39:39","date_gmt":"2023-06-05T15:39:39","guid":{"rendered":"https:\/\/corepilateslab.com\/?page_id=14"},"modified":"2023-11-23T10:30:11","modified_gmt":"2023-11-23T09:30:11","slug":"a-propose-de-morgane","status":"publish","type":"page","link":"https:\/\/corepilateslab.com\/en\/a-propose-de-morgane\/","title":{"rendered":"About Me"},"content":{"rendered":"<style>.kb-row-layout-id14_021104-8c > .kt-row-column-wrap{align-content:center;}:where(.kb-row-layout-id14_021104-8c > .kt-row-column-wrap) > .wp-block-kadence-column{justify-content:center;}.kb-row-layout-id14_021104-8c > .kt-row-column-wrap{column-gap:var(--global-kb-gap-lg, 4rem);row-gap:var(--global-kb-gap-md, 2rem);max-width:var( --global-content-width, 1482px );padding-left:var(--global-content-edge-padding);padding-right:var(--global-content-edge-padding);padding-bottom:var(--global-kb-spacing-xl, 4rem);grid-template-columns:minmax(0, calc(50% - ((var(--global-kb-gap-lg, 4rem) * 1 )\/2)))minmax(0, calc(50% - ((var(--global-kb-gap-lg, 4rem) * 1 )\/2)));}.kb-row-layout-id14_021104-8c > .kt-row-layout-overlay{opacity:0.30;}.kb-row-layout-id14_021104-8c .kt-row-layout-top-sep{height:100px;}.kb-row-layout-id14_021104-8c .kt-row-layout-top-sep svg{width:100%;}.kb-row-layout-id14_021104-8c .kt-row-layout-top-sep svg{fill:#ffffff!important;}@media all and (max-width: 1024px){.kb-row-layout-id14_021104-8c > .kt-row-column-wrap{column-gap:var(--global-kb-gap-md, 2rem);padding-top:var(--global-kb-spacing-lg, 3rem);padding-bottom:var(--global-kb-spacing-lg, 3rem);grid-template-columns:minmax(0, 1fr);}}@media all and (max-width: 767px){.kb-row-layout-id14_021104-8c > .kt-row-column-wrap{grid-template-columns:minmax(0, 1fr);}}<\/style><div class=\"kb-row-layout-wrap kb-row-layout-id14_021104-8c alignfull has-theme-palette9-background-color kt-row-has-bg wp-block-kadence-rowlayout\"><div class=\"kt-row-layout-top-sep kt-row-sep-type-crvli\"><svg viewbox=\"0 0 1000 100\" preserveaspectratio=\"none\"><path d=\"M1000,0c0,0 -420.987,98 -650,98c-229.013,0 -350,-98 -350,-98l0,100l1000,0l0,-100Z\" \/><\/svg><\/div><div class=\"kt-row-column-wrap kt-has-2-columns kt-row-layout-equal kt-tab-layout-row kt-mobile-layout-row kt-row-valign-middle kb-theme-content-width\">\n<style>.kadence-column14_17cb02-f2 > .kt-inside-inner-col,.kadence-column14_17cb02-f2 > .kt-inside-inner-col:before{border-top-left-radius:0px;border-top-right-radius:0px;border-bottom-right-radius:0px;border-bottom-left-radius:0px;}.kadence-column14_17cb02-f2 > .kt-inside-inner-col{column-gap:var(--global-kb-gap-sm, 1rem);}.kadence-column14_17cb02-f2 > .kt-inside-inner-col{flex-direction:column;}.kadence-column14_17cb02-f2 > .kt-inside-inner-col > .aligncenter{width:100%;}.kadence-column14_17cb02-f2 > .kt-inside-inner-col:before{opacity:0.3;}.kadence-column14_17cb02-f2{text-align:left;}.kadence-column14_17cb02-f2{position:relative;}@media all and (max-width: 1024px){.kadence-column14_17cb02-f2 > .kt-inside-inner-col{flex-direction:column;justify-content:center;}}@media all and (max-width: 767px){.kadence-column14_17cb02-f2 > .kt-inside-inner-col{flex-direction:column;justify-content:center;}}<\/style>\n<div class=\"wp-block-kadence-column kadence-column14_17cb02-f2 kb-section-dir-vertical inner-column-2\"><div class=\"kt-inside-inner-col\"><style>.kb-image14_d1e795-0f .kb-image-has-overlay:after{opacity:0.3;}<\/style>\n<figure class=\"wp-block-kadence-image kb-image14_d1e795-0f size-full kb-image-is-ratio-size\"><div class=\"kb-is-ratio-image kb-image-ratio-port23\"><img loading=\"lazy\" decoding=\"async\" width=\"823\" height=\"780\" src=\"https:\/\/corepilateslab.com\/wp-content\/uploads\/2023\/08\/Core-Pilates-Lab-presentation.png\" alt=\"Join me on the beach for invigorating Pilates sessions while enjoying the serene surroundings. Discover the benefits of Pilates as I hold a Pilates ball against the backdrop of the ocean. Strengthen your body and mind in a harmonious environment.\" class=\"kb-img wp-image-531\" srcset=\"https:\/\/corepilateslab.com\/wp-content\/uploads\/2023\/08\/Core-Pilates-Lab-presentation.png 823w, https:\/\/corepilateslab.com\/wp-content\/uploads\/2023\/08\/Core-Pilates-Lab-presentation-600x569.png 600w, https:\/\/corepilateslab.com\/wp-content\/uploads\/2023\/08\/Core-Pilates-Lab-presentation-300x284.png 300w, https:\/\/corepilateslab.com\/wp-content\/uploads\/2023\/08\/Core-Pilates-Lab-presentation-768x728.png 768w\" sizes=\"(max-width: 823px) 100vw, 823px\" \/><\/div><\/figure><\/div><\/div>\n\n<style>.kadence-column14_5b7869-42 > .kt-inside-inner-col{display:flex;}.kadence-column14_5b7869-42 > .kt-inside-inner-col,.kadence-column14_5b7869-42 > .kt-inside-inner-col:before{border-top-left-radius:0px;border-top-right-radius:0px;border-bottom-right-radius:0px;border-bottom-left-radius:0px;}.kadence-column14_5b7869-42 > .kt-inside-inner-col{column-gap:var(--global-kb-gap-sm, 1rem);}.kadence-column14_5b7869-42 > .kt-inside-inner-col{flex-direction:column;justify-content:center;}.kadence-column14_5b7869-42 > .kt-inside-inner-col > .aligncenter{width:100%;}.kt-row-column-wrap > .kadence-column14_5b7869-42{align-self:center;}.kt-inner-column-height-full:not(.kt-has-1-columns) > .wp-block-kadence-column.kadence-column14_5b7869-42{align-self:auto;}.kt-inner-column-height-full:not(.kt-has-1-columns) > .wp-block-kadence-column.kadence-column14_5b7869-42 > .kt-inside-inner-col{flex-direction:column;justify-content:center;}.kadence-column14_5b7869-42 > .kt-inside-inner-col:before{opacity:0.3;}.kadence-column14_5b7869-42{text-align:left;}.kadence-column14_5b7869-42{position:relative;}@media all and (max-width: 1024px){.kt-row-column-wrap > .kadence-column14_5b7869-42{align-self:center;}}@media all and (max-width: 1024px){.kt-inner-column-height-full:not(.kt-has-1-columns) > .wp-block-kadence-column.kadence-column14_5b7869-42{align-self:auto;}}@media all and (max-width: 1024px){.kt-inner-column-height-full:not(.kt-has-1-columns) > .wp-block-kadence-column.kadence-column14_5b7869-42 > .kt-inside-inner-col{flex-direction:column;justify-content:center;}}@media all and (max-width: 1024px){.kadence-column14_5b7869-42 > .kt-inside-inner-col{flex-direction:column;justify-content:center;}}@media all and (max-width: 767px){.kt-row-column-wrap > .kadence-column14_5b7869-42{align-self:center;}.kt-inner-column-height-full:not(.kt-has-1-columns) > .wp-block-kadence-column.kadence-column14_5b7869-42{align-self:auto;}.kt-inner-column-height-full:not(.kt-has-1-columns) > .wp-block-kadence-column.kadence-column14_5b7869-42 > .kt-inside-inner-col{flex-direction:column;justify-content:center;}.kadence-column14_5b7869-42 > .kt-inside-inner-col{flex-direction:column;justify-content:center;}}<\/style>\n<div class=\"wp-block-kadence-column kadence-column14_5b7869-42 kb-section-dir-vertical inner-column-1\"><div class=\"kt-inside-inner-col\"><style>.wp-block-kadence-advancedheading.kt-adv-heading14_2c9941-88, .wp-block-kadence-advancedheading.kt-adv-heading14_2c9941-88[data-kb-block=\"kb-adv-heading14_2c9941-88\"]{margin-bottom:var(--global-kb-spacing-sm, 1.5rem);font-style:normal;}.wp-block-kadence-advancedheading.kt-adv-heading14_2c9941-88 mark.kt-highlight, .wp-block-kadence-advancedheading.kt-adv-heading14_2c9941-88[data-kb-block=\"kb-adv-heading14_2c9941-88\"] mark.kt-highlight{font-style:normal;color:#f76a0c;-webkit-box-decoration-break:clone;box-decoration-break:clone;padding-top:0px;padding-right:0px;padding-bottom:0px;padding-left:0px;}<\/style>\n<h1 class=\"kt-adv-heading14_2c9941-88 wp-block-kadence-advancedheading has-theme-palette-3-color has-text-color\" data-kb-block=\"kb-adv-heading14_2c9941-88\">Morgane<\/h1>\n\n<style>.wp-block-kadence-advancedheading.kt-adv-heading14_5859d9-b3, .wp-block-kadence-advancedheading.kt-adv-heading14_5859d9-b3[data-kb-block=\"kb-adv-heading14_5859d9-b3\"]{font-size:var(--global-kb-font-size-md, 1.25rem);font-style:normal;}.wp-block-kadence-advancedheading.kt-adv-heading14_5859d9-b3 mark.kt-highlight, .wp-block-kadence-advancedheading.kt-adv-heading14_5859d9-b3[data-kb-block=\"kb-adv-heading14_5859d9-b3\"] mark.kt-highlight{font-style:normal;color:#f76a0c;-webkit-box-decoration-break:clone;box-decoration-break:clone;padding-top:0px;padding-right:0px;padding-bottom:0px;padding-left:0px;}<\/style>\n<h2 class=\"kt-adv-heading14_5859d9-b3 wp-block-kadence-advancedheading has-theme-palette-3-color has-text-color\" data-kb-block=\"kb-adv-heading14_5859d9-b3\"><br>Founder of Core Pilates Lab, Pilates Instructor<\/h2>\n\n<style>.wp-block-kadence-advancedheading.kt-adv-heading14_fd754e-97, .wp-block-kadence-advancedheading.kt-adv-heading14_fd754e-97[data-kb-block=\"kb-adv-heading14_fd754e-97\"]{font-size:var(--global-kb-font-size-md, 1.25rem);font-style:normal;}.wp-block-kadence-advancedheading.kt-adv-heading14_fd754e-97 mark.kt-highlight, .wp-block-kadence-advancedheading.kt-adv-heading14_fd754e-97[data-kb-block=\"kb-adv-heading14_fd754e-97\"] mark.kt-highlight{font-style:normal;color:#f76a0c;-webkit-box-decoration-break:clone;box-decoration-break:clone;padding-top:0px;padding-right:0px;padding-bottom:0px;padding-left:0px;}<\/style>\n<h2 class=\"kt-adv-heading14_fd754e-97 wp-block-kadence-advancedheading\" data-kb-block=\"kb-adv-heading14_fd754e-97\">&amp; Project Manager in Aerospace<\/h2>\n\n<p class=\"has-theme-palette-3-color has-text-color\"><br><strong>On the Aerospace Project Manager Side<\/strong><br><br>Deeply rooted in Touraine, I pursued my entire post-baccalaureate education in a Business School. During my Bachelor's degree, I seized the opportunity to experience life in Australia for a year and Canada for five months.<\/p>\n\n<p class=\"has-theme-palette-3-color has-text-color\">I subsequently joined a major company in La D\u00e9fense through a work-study program, working in the Business Unit specializing in satellites. Following my Master's in Procurement\/Supply Chain, I was sent on an International Volunteer in Business (V.I.E.) assignment to Madrid, where I lived for a year and a half.<\/p>\n\n<p class=\"has-theme-palette-3-color has-text-color\"><br><strong>On the Pilates Instructor side<\/strong><br><strong><br><\/strong>As an athlete, I began my journey early with classical ballet and later ventured into modern jazz. I discovered Pilates in 2016 after experiencing two pneumothoraxes. This discipline enabled me to strengthen my diaphragm and intercostal muscles, which were affected by the surgeries.<\/p>\n\n<p class=\"has-theme-palette-3-color has-text-color\">I am also a certified Pilates instructor from the BASI MTTC, an academy based in Newport Beach that emphasizes contemporary and functional knowledge of Pilates. Since 2022, I have been teaching Pilates in both French and English.<\/p>\n\n<style>.wp-block-kadence-advancedheading.kt-adv-heading14_57f404-ea, .wp-block-kadence-advancedheading.kt-adv-heading14_57f404-ea[data-kb-block=\"kb-adv-heading14_57f404-ea\"]{margin-bottom:var(--global-kb-spacing-sm, 1.5rem);font-style:normal;}.wp-block-kadence-advancedheading.kt-adv-heading14_57f404-ea mark.kt-highlight, .wp-block-kadence-advancedheading.kt-adv-heading14_57f404-ea[data-kb-block=\"kb-adv-heading14_57f404-ea\"] mark.kt-highlight{font-style:normal;color:#f76a0c;-webkit-box-decoration-break:clone;box-decoration-break:clone;padding-top:0px;padding-right:0px;padding-bottom:0px;padding-left:0px;}<\/style>\n<p class=\"kt-adv-heading14_57f404-ea wp-block-kadence-advancedheading has-theme-palette-3-color has-text-color\" data-kb-block=\"kb-adv-heading14_57f404-ea\"><br><\/p><\/div><\/div>\n<\/div><\/div><style>.kb-gallery-id-14_7cb098-c5.kb-gallery-ul.kb-gallery-type-fluidcarousel .kt-blocks-carousel figure .kb-gal-image-radius, .kb-gallery-id-14_7cb098-c5.kb-gallery-ul.kb-gallery-type-fluidcarousel .kt-blocks-carousel figure .kb-gal-image-radius img{height:300px;}.kb-gallery-id-14_7cb098-c5 .kadence-blocks-gallery-item .kb-gal-image-radius, .kb-gallery-id-14_7cb098-c5 .kb-slide-item .kb-gal-image-radius img{border-radius:0px 0px 0px 0px;;}.kb-gallery-wrap-id-14_7cb098-c5.wp-block-kadence-advancedgallery{overflow:visible;}.kb-gallery-wrap-id-14_7cb098-c5.wp-block-kadence-advancedgallery .kt-blocks-carousel{overflow:visible;max-width:100%;}<\/style><div class=\"kb-gallery-wrap-id-14_7cb098-c5 alignnone wp-block-kadence-advancedgallery\"><div class=\"kb-gallery-ul kb-gallery-non-static kb-gallery-type-fluidcarousel kb-gallery-id-14_7cb098-c5 kb-gallery-caption-style-bottom-hover kb-gallery-filter-none\" data-image-filter=\"none\" data-lightbox-caption=\"true\"><div class=\"kt-blocks-carousel kt-carousel-container-dotstyle-dark\"><div class=\"kt-blocks-carousel-init kb-blocks-fluid-carousel kt-carousel-arrowstyle-whiteondark kt-carousel-dotstyle-dark kb-slider-group-arrow kb-slider-arrow-position-center\" data-slider-anim-speed=\"400\" data-slider-scroll=\"1\" data-slider-arrows=\"true\" data-slider-dots=\"true\" data-slider-hover-pause=\"false\" data-slider-auto=\"\" data-slider-speed=\"7000\" data-slider-type=\"fluidcarousel\" data-slider-center-mode=\"true\" data-slider-gap=\"10px\" data-slider-gap-tablet=\"10px\" data-slider-gap-mobile=\"10px\"><div class=\"kb-slide-item kb-gallery-carousel-item\"><div class=\"kadence-blocks-gallery-item\"><div class=\"kadence-blocks-gallery-item-inner\"><figure class=\"kb-gallery-figure kadence-blocks-gallery-item-hide-caption\" \"><div class=\"kb-gal-image-radius\"><div class=\"kb-gallery-image-contain\" ><img loading=\"lazy\" decoding=\"async\" src=\"https:\/\/corepilateslab.com\/wp-content\/uploads\/2023\/08\/Single-leg-lift-variation-edited.png\" width=\"428\" height=\"570\" alt=\"Experience the invigorating combination of Pilates and the seaside as I perform a crunch by the water&#039;s edge. Engage your core, feel the refreshing breeze, and let the sound of the waves accompany your workout. Join me for a transformative session that blends fitness with the beauty of nature.\" data-full-image=\"https:\/\/corepilateslab.com\/wp-content\/uploads\/2023\/08\/Single-leg-lift-variation-edited.png\" data-light-image=\"https:\/\/corepilateslab.com\/wp-content\/uploads\/2023\/08\/Single-leg-lift-variation-edited.png\" data-id=\"599\" class=\"wp-image-599 skip-lazy\" srcset=\"https:\/\/corepilateslab.com\/wp-content\/uploads\/2023\/08\/Single-leg-lift-variation-edited.png 428w, https:\/\/corepilateslab.com\/wp-content\/uploads\/2023\/08\/Single-leg-lift-variation-edited-225x300.png 225w\" sizes=\"(max-width: 428px) 100vw, 428px\" \/><\/div><\/div><\/figure><\/div><\/div><\/div><div class=\"kb-slide-item kb-gallery-carousel-item\"><div class=\"kadence-blocks-gallery-item\"><div class=\"kadence-blocks-gallery-item-inner\"><figure class=\"kb-gallery-figure kadence-blocks-gallery-item-hide-caption\" \"><div class=\"kb-gal-image-radius\"><div class=\"kb-gallery-image-contain\" ><img loading=\"lazy\" decoding=\"async\" src=\"https:\/\/corepilateslab.com\/wp-content\/uploads\/2023\/08\/Rocking-prep-edited.png\" width=\"416\" height=\"555\" alt=\"\" data-full-image=\"https:\/\/corepilateslab.com\/wp-content\/uploads\/2023\/08\/Rocking-prep-edited.png\" data-light-image=\"https:\/\/corepilateslab.com\/wp-content\/uploads\/2023\/08\/Rocking-prep-edited.png\" data-id=\"598\" class=\"wp-image-598 skip-lazy\" srcset=\"https:\/\/corepilateslab.com\/wp-content\/uploads\/2023\/08\/Rocking-prep-edited.png 416w, https:\/\/corepilateslab.com\/wp-content\/uploads\/2023\/08\/Rocking-prep-edited-225x300.png 225w\" sizes=\"(max-width: 416px) 100vw, 416px\" \/><\/div><\/div><\/figure><\/div><\/div><\/div><div class=\"kb-slide-item kb-gallery-carousel-item\"><div class=\"kadence-blocks-gallery-item\"><div class=\"kadence-blocks-gallery-item-inner\"><figure class=\"kb-gallery-figure kadence-blocks-gallery-item-hide-caption\" \"><div class=\"kb-gal-image-radius\"><div class=\"kb-gallery-image-contain\" ><img loading=\"lazy\" decoding=\"async\" src=\"https:\/\/corepilateslab.com\/wp-content\/uploads\/2023\/08\/Hundred-edited.png\" width=\"443\" height=\"591\" alt=\"Immerse yourself in the serenity of Pilates by the sea as I engage in the Hundred exercise. Feel the rhythmic sound of the waves and the calming sea breeze while focusing on core activation. Join me in this unique session that harmonizes Pilates with the tranquil beauty of the ocean backdrop.\" data-full-image=\"https:\/\/corepilateslab.com\/wp-content\/uploads\/2023\/08\/Hundred-edited.png\" data-light-image=\"https:\/\/corepilateslab.com\/wp-content\/uploads\/2023\/08\/Hundred-edited.png\" data-id=\"597\" class=\"wp-image-597 skip-lazy\" srcset=\"https:\/\/corepilateslab.com\/wp-content\/uploads\/2023\/08\/Hundred-edited.png 443w, https:\/\/corepilateslab.com\/wp-content\/uploads\/2023\/08\/Hundred-edited-225x300.png 225w\" sizes=\"(max-width: 443px) 100vw, 443px\" \/><\/div><\/div><\/figure><\/div><\/div><\/div><div class=\"kb-slide-item kb-gallery-carousel-item\"><div class=\"kadence-blocks-gallery-item\"><div class=\"kadence-blocks-gallery-item-inner\"><figure class=\"kb-gallery-figure kadence-blocks-gallery-item-hide-caption\" \"><div class=\"kb-gal-image-radius\"><div class=\"kb-gallery-image-contain\" ><img loading=\"lazy\" decoding=\"async\" src=\"https:\/\/corepilateslab.com\/wp-content\/uploads\/2023\/08\/Hamstring-Ball-edited.png\" width=\"445\" height=\"593\" alt=\"Combine the therapeutic embrace of the waterfront with the Hamstring Pull 1 exercise in this invigorating image. Engage your hamstrings and core while enjoying the picturesque view of the sea. Join me in this harmonious Pilates session that merges exercise and natural beauty for a rejuvenating experience.\" data-full-image=\"https:\/\/corepilateslab.com\/wp-content\/uploads\/2023\/08\/Hamstring-Ball-edited.png\" data-light-image=\"https:\/\/corepilateslab.com\/wp-content\/uploads\/2023\/08\/Hamstring-Ball-edited.png\" data-id=\"596\" class=\"wp-image-596 skip-lazy\" srcset=\"https:\/\/corepilateslab.com\/wp-content\/uploads\/2023\/08\/Hamstring-Ball-edited.png 445w, https:\/\/corepilateslab.com\/wp-content\/uploads\/2023\/08\/Hamstring-Ball-edited-225x300.png 225w\" sizes=\"(max-width: 445px) 100vw, 445px\" \/><\/div><\/div><\/figure><\/div><\/div><\/div><div class=\"kb-slide-item kb-gallery-carousel-item\"><div class=\"kadence-blocks-gallery-item\"><div class=\"kadence-blocks-gallery-item-inner\"><figure class=\"kb-gallery-figure kadence-blocks-gallery-item-hide-caption\" \"><div class=\"kb-gal-image-radius\"><div class=\"kb-gallery-image-contain\" ><img loading=\"lazy\" decoding=\"async\" src=\"https:\/\/corepilateslab.com\/wp-content\/uploads\/2023\/08\/Rest-pose-edited.png\" width=\"383\" height=\"510\" alt=\"Find tranquility and relaxation as I settle into a Rest Pose on the cool tiles. Embrace the peaceful ambiance as I take a moment to unwind and restore. Join me in this restorative Pilates pause that invites serenity and rejuvenation, providing a calming break in the midst of the day.\" data-full-image=\"https:\/\/corepilateslab.com\/wp-content\/uploads\/2023\/08\/Rest-pose-edited.png\" data-light-image=\"https:\/\/corepilateslab.com\/wp-content\/uploads\/2023\/08\/Rest-pose-edited.png\" data-id=\"595\" class=\"wp-image-595 skip-lazy\" srcset=\"https:\/\/corepilateslab.com\/wp-content\/uploads\/2023\/08\/Rest-pose-edited.png 383w, https:\/\/corepilateslab.com\/wp-content\/uploads\/2023\/08\/Rest-pose-edited-225x300.png 225w\" sizes=\"(max-width: 383px) 100vw, 383px\" \/><\/div><\/div><\/figure><\/div><\/div><\/div><div class=\"kb-slide-item kb-gallery-carousel-item\"><div class=\"kadence-blocks-gallery-item\"><div class=\"kadence-blocks-gallery-item-inner\"><figure class=\"kb-gallery-figure kadence-blocks-gallery-item-hide-caption\" \"><div class=\"kb-gal-image-radius\"><div class=\"kb-gallery-image-contain\" ><img loading=\"lazy\" decoding=\"async\" src=\"https:\/\/corepilateslab.com\/wp-content\/uploads\/2023\/08\/Hip-extension-bend-knee-ball-edited.png\" width=\"402\" height=\"536\" alt=\"Witness my Pilates session by the waterfront, where I&#039;m in a quadruped position, targeting my glutes with a ball positioned at the back of my thigh. Join me to strengthen and sculpt while enjoying the breathtaking seaside view. Experience the refreshing essence of Pilates in an inspiring environment.\" data-full-image=\"https:\/\/corepilateslab.com\/wp-content\/uploads\/2023\/08\/Hip-extension-bend-knee-ball-edited.png\" data-light-image=\"https:\/\/corepilateslab.com\/wp-content\/uploads\/2023\/08\/Hip-extension-bend-knee-ball-edited.png\" data-id=\"593\" class=\"wp-image-593 skip-lazy\" srcset=\"https:\/\/corepilateslab.com\/wp-content\/uploads\/2023\/08\/Hip-extension-bend-knee-ball-edited.png 402w, https:\/\/corepilateslab.com\/wp-content\/uploads\/2023\/08\/Hip-extension-bend-knee-ball-edited-225x300.png 225w\" sizes=\"(max-width: 402px) 100vw, 402px\" \/><\/div><\/div><\/figure><\/div><\/div><\/div><div class=\"kb-slide-item kb-gallery-carousel-item\"><div class=\"kadence-blocks-gallery-item\"><div class=\"kadence-blocks-gallery-item-inner\"><figure class=\"kb-gallery-figure kadence-blocks-gallery-item-hide-caption\" \"><div class=\"kb-gal-image-radius\"><div class=\"kb-gallery-image-contain\" ><img loading=\"lazy\" decoding=\"async\" src=\"https:\/\/corepilateslab.com\/wp-content\/uploads\/2023\/08\/Plank-edited-e1695975755206.png\" width=\"419\" height=\"402\" alt=\"Embrace the challenge and strength of Pilates as I hold a Plank pose on the inviting terrace. Feel the sun&#039;s warmth and the refreshing breeze as I engage my core and muscles. Join me in this empowering Pilates moment that combines strength and natural surroundings, offering a fulfilling workout with a view.\" data-full-image=\"https:\/\/corepilateslab.com\/wp-content\/uploads\/2023\/08\/Plank-edited-e1695975755206.png\" data-light-image=\"https:\/\/corepilateslab.com\/wp-content\/uploads\/2023\/08\/Plank-edited-e1695975755206.png\" data-id=\"592\" class=\"wp-image-592 skip-lazy\" srcset=\"https:\/\/corepilateslab.com\/wp-content\/uploads\/2023\/08\/Plank-edited-e1695975755206.png 419w, https:\/\/corepilateslab.com\/wp-content\/uploads\/2023\/08\/Plank-edited-e1695975755206-300x288.png 300w\" sizes=\"(max-width: 419px) 100vw, 419px\" \/><\/div><\/div><\/figure><\/div><\/div><\/div><\/div><\/div><\/div><\/div>","protected":false},"excerpt":{"rendered":"<p>Morgane Fondatrice de Core Pilates Lab, Professeur de Pilates &amp; Cheffe de Projet dans l&rsquo;a\u00e9rospatial C\u00f4t\u00e9 Cheffe de Projet A\u00e9rospatial Tourangelle dans l&rsquo;\u00e2me, j&rsquo;ai effectu\u00e9 tout mon cursus post-bac en \u00c9cole de Commerce. J&rsquo;ai eu l&rsquo;opportunit\u00e9 de vivre en Australie (un an) et au Canada (cinq mois) durant mon Bachelor. J&rsquo;ai par la suite int\u00e9gr\u00e9&#8230;<\/p>","protected":false},"author":1,"featured_media":0,"parent":0,"menu_order":0,"comment_status":"closed","ping_status":"closed","template":"","meta":{"_kad_post_transparent":"","_kad_post_title":"","_kad_post_layout":"fullwidth","_kad_post_sidebar_id":"","_kad_post_content_style":"","_kad_post_vertical_padding":"","_kad_post_feature":"","_kad_post_feature_position":"","_kad_post_header":false,"_kad_post_footer":false,"_kad_post_classname":"","footnotes":""},"_links":{"self":[{"href":"https:\/\/corepilateslab.com\/en\/wp-json\/wp\/v2\/pages\/14"}],"collection":[{"href":"https:\/\/corepilateslab.com\/en\/wp-json\/wp\/v2\/pages"}],"about":[{"href":"https:\/\/corepilateslab.com\/en\/wp-json\/wp\/v2\/types\/page"}],"author":[{"embeddable":true,"href":"https:\/\/corepilateslab.com\/en\/wp-json\/wp\/v2\/users\/1"}],"replies":[{"embeddable":true,"href":"https:\/\/corepilateslab.com\/en\/wp-json\/wp\/v2\/comments?post=14"}],"version-history":[{"count":60,"href":"https:\/\/corepilateslab.com\/en\/wp-json\/wp\/v2\/pages\/14\/revisions"}],"predecessor-version":[{"id":1240,"href":"https:\/\/corepilateslab.com\/en\/wp-json\/wp\/v2\/pages\/14\/revisions\/1240"}],"wp:attachment":[{"href":"https:\/\/corepilateslab.com\/en\/wp-json\/wp\/v2\/media?parent=14"}],"curies":[{"name":"wp","href":"https:\/\/api.w.org\/{rel}","templated":true}]}}