{"id":690,"date":"2023-08-29T14:22:50","date_gmt":"2023-08-29T12:22:50","guid":{"rendered":"https:\/\/corepilateslab.com\/?page_id=690"},"modified":"2023-11-23T10:26:56","modified_gmt":"2023-11-23T09:26:56","slug":"programme-de-septembre-2023","status":"publish","type":"page","link":"https:\/\/corepilateslab.com\/en\/programme-de-septembre-2023\/","title":{"rendered":"Rentr\u00e9e Apais\u00e9e 2023"},"content":{"rendered":"<style>.kb-row-layout-id690_b82f6d-b9 > .kt-row-column-wrap{align-content:center;}:where(.kb-row-layout-id690_b82f6d-b9 > .kt-row-column-wrap) > .wp-block-kadence-column{justify-content:center;}.kb-row-layout-id690_b82f6d-b9 > .kt-row-column-wrap{column-gap:var(--global-kb-gap-lg, 4rem);row-gap:var(--global-kb-gap-md, 2rem);max-width:var( --global-content-width, 1482px );padding-left:var(--global-content-edge-padding);padding-right:var(--global-content-edge-padding);padding-top:var(--global-kb-spacing-xxl, 5rem);padding-bottom:var(--global-kb-spacing-xxl, 5rem);grid-template-columns:minmax(0, calc(45% - ((var(--global-kb-gap-lg, 4rem) * 1 )\/2)))minmax(0, calc(55% - ((var(--global-kb-gap-lg, 4rem) * 1 )\/2)));}.kb-row-layout-id690_b82f6d-b9 > .kt-row-layout-overlay{opacity:0.30;}@media all and (max-width: 1024px){.kb-row-layout-id690_b82f6d-b9 > .kt-row-column-wrap{column-gap:var(--global-kb-gap-md, 2rem);padding-top:var(--global-kb-spacing-lg, 3rem);padding-right:var(--global-kb-spacing-lg, 3rem);padding-bottom:var(--global-kb-spacing-lg, 3rem);padding-left:var(--global-kb-spacing-lg, 3rem);grid-template-columns:minmax(0, 1fr);}}@media all and (max-width: 767px){.kb-row-layout-id690_b82f6d-b9 > .kt-row-column-wrap{grid-template-columns:minmax(0, 1fr);}}<\/style><div class=\"kb-row-layout-wrap kb-row-layout-id690_b82f6d-b9 alignfull has-theme-palette9-background-color kt-row-has-bg wp-block-kadence-rowlayout\"><div class=\"kt-row-column-wrap kt-has-2-columns kt-row-layout-equal kt-tab-layout-row kt-mobile-layout-row kt-row-valign-middle kb-theme-content-width\">\n<style>.kadence-column690_f5952b-c2 > .kt-inside-inner-col,.kadence-column690_f5952b-c2 > .kt-inside-inner-col:before{border-top-left-radius:0px;border-top-right-radius:0px;border-bottom-right-radius:0px;border-bottom-left-radius:0px;}.kadence-column690_f5952b-c2 > .kt-inside-inner-col{column-gap:var(--global-kb-gap-sm, 1rem);}.kadence-column690_f5952b-c2 > .kt-inside-inner-col{flex-direction:column;}.kadence-column690_f5952b-c2 > .kt-inside-inner-col > .aligncenter{width:100%;}.kadence-column690_f5952b-c2 > .kt-inside-inner-col:before{opacity:0.3;}.kadence-column690_f5952b-c2{text-align:left;}.kadence-column690_f5952b-c2{position:relative;}@media all and (max-width: 1024px){.kadence-column690_f5952b-c2 > .kt-inside-inner-col{flex-direction:column;justify-content:center;}}@media all and (max-width: 767px){.kadence-column690_f5952b-c2 > .kt-inside-inner-col{flex-direction:column;justify-content:center;}}<\/style>\n<div class=\"wp-block-kadence-column kadence-column690_f5952b-c2 kb-section-dir-vertical inner-column-2\"><div class=\"kt-inside-inner-col\"><style>.kb-image690_0952d3-3f .kb-image-has-overlay:after{opacity:0.3;}<\/style>\n<figure class=\"wp-block-kadence-image kb-image690_0952d3-3f kb-image-is-ratio-size\"><div class=\"kb-is-ratio-image kb-image-ratio-square\"><img loading=\"lazy\" decoding=\"async\" width=\"1080\" height=\"1080\" src=\"https:\/\/corepilateslab.com\/wp-content\/uploads\/2023\/08\/Posts-instaaaaa.png\" alt=\"\" class=\"kb-img wp-image-687\" srcset=\"https:\/\/corepilateslab.com\/wp-content\/uploads\/2023\/08\/Posts-instaaaaa.png 1080w, https:\/\/corepilateslab.com\/wp-content\/uploads\/2023\/08\/Posts-instaaaaa-300x300.png 300w, https:\/\/corepilateslab.com\/wp-content\/uploads\/2023\/08\/Posts-instaaaaa-100x100.png 100w, https:\/\/corepilateslab.com\/wp-content\/uploads\/2023\/08\/Posts-instaaaaa-600x600.png 600w, https:\/\/corepilateslab.com\/wp-content\/uploads\/2023\/08\/Posts-instaaaaa-1024x1024.png 1024w, https:\/\/corepilateslab.com\/wp-content\/uploads\/2023\/08\/Posts-instaaaaa-150x150.png 150w, https:\/\/corepilateslab.com\/wp-content\/uploads\/2023\/08\/Posts-instaaaaa-768x768.png 768w\" sizes=\"(max-width: 1080px) 100vw, 1080px\" \/><\/div><\/figure><\/div><\/div>\n\n<style>.kadence-column690_217493-b0 > .kt-inside-inner-col{display:flex;}.kadence-column690_217493-b0 > .kt-inside-inner-col,.kadence-column690_217493-b0 > .kt-inside-inner-col:before{border-top-left-radius:0px;border-top-right-radius:0px;border-bottom-right-radius:0px;border-bottom-left-radius:0px;}.kadence-column690_217493-b0 > .kt-inside-inner-col{column-gap:var(--global-kb-gap-sm, 1rem);}.kadence-column690_217493-b0 > .kt-inside-inner-col{flex-direction:column;justify-content:center;}.kadence-column690_217493-b0 > .kt-inside-inner-col > .aligncenter{width:100%;}.kt-row-column-wrap > .kadence-column690_217493-b0{align-self:center;}.kt-inner-column-height-full:not(.kt-has-1-columns) > .wp-block-kadence-column.kadence-column690_217493-b0{align-self:auto;}.kt-inner-column-height-full:not(.kt-has-1-columns) > .wp-block-kadence-column.kadence-column690_217493-b0 > .kt-inside-inner-col{flex-direction:column;justify-content:center;}.kadence-column690_217493-b0 > .kt-inside-inner-col:before{opacity:0.3;}.kadence-column690_217493-b0{text-align:left;}.kadence-column690_217493-b0{position:relative;}@media all and (max-width: 1024px){.kadence-column690_217493-b0 > .kt-inside-inner-col{padding-top:0px;padding-right:0px;padding-bottom:0px;padding-left:0px;flex-direction:column;justify-content:center;}}@media all and (max-width: 1024px){.kt-row-column-wrap > .kadence-column690_217493-b0{align-self:center;}}@media all and (max-width: 1024px){.kt-inner-column-height-full:not(.kt-has-1-columns) > .wp-block-kadence-column.kadence-column690_217493-b0{align-self:auto;}}@media all and (max-width: 1024px){.kt-inner-column-height-full:not(.kt-has-1-columns) > .wp-block-kadence-column.kadence-column690_217493-b0 > .kt-inside-inner-col{flex-direction:column;justify-content:center;}}@media all and (max-width: 767px){.kt-row-column-wrap > .kadence-column690_217493-b0{align-self:center;}.kt-inner-column-height-full:not(.kt-has-1-columns) > .wp-block-kadence-column.kadence-column690_217493-b0{align-self:auto;}.kt-inner-column-height-full:not(.kt-has-1-columns) > .wp-block-kadence-column.kadence-column690_217493-b0 > .kt-inside-inner-col{flex-direction:column;justify-content:center;}.kadence-column690_217493-b0 > .kt-inside-inner-col{flex-direction:column;justify-content:center;}}<\/style>\n<div class=\"wp-block-kadence-column kadence-column690_217493-b0 kb-section-dir-vertical inner-column-1\"><div class=\"kt-inside-inner-col\"><style>.wp-block-kadence-advancedheading.kt-adv-heading690_435925-b1, .wp-block-kadence-advancedheading.kt-adv-heading690_435925-b1[data-kb-block=\"kb-adv-heading690_435925-b1\"]{font-size:var(--global-kb-font-size-lg, 2rem);line-height:1.2;font-style:normal;}.wp-block-kadence-advancedheading.kt-adv-heading690_435925-b1 mark.kt-highlight, .wp-block-kadence-advancedheading.kt-adv-heading690_435925-b1[data-kb-block=\"kb-adv-heading690_435925-b1\"] mark.kt-highlight{font-style:normal;color:#f76a0c;-webkit-box-decoration-break:clone;box-decoration-break:clone;padding-top:0px;padding-right:0px;padding-bottom:0px;padding-left:0px;}<\/style>\n<h2 class=\"kt-adv-heading690_435925-b1 wp-block-kadence-advancedheading has-theme-palette-3-color has-text-color\" data-kb-block=\"kb-adv-heading690_435925-b1\">Smooth Start (French Event) <\/h2>\n\n<style>.wp-block-kadence-advancedheading.kt-adv-heading690_6412b8-cb, .wp-block-kadence-advancedheading.kt-adv-heading690_6412b8-cb[data-kb-block=\"kb-adv-heading690_6412b8-cb\"]{margin-bottom:var(--global-kb-spacing-sm, 1.5rem);font-weight:400;font-style:normal;font-family:Alexandria;}.wp-block-kadence-advancedheading.kt-adv-heading690_6412b8-cb mark.kt-highlight, .wp-block-kadence-advancedheading.kt-adv-heading690_6412b8-cb[data-kb-block=\"kb-adv-heading690_6412b8-cb\"] mark.kt-highlight{font-style:normal;color:#f76a0c;-webkit-box-decoration-break:clone;box-decoration-break:clone;padding-top:0px;padding-right:0px;padding-bottom:0px;padding-left:0px;}<\/style>\n<p class=\"kt-adv-heading690_6412b8-cb wp-block-kadence-advancedheading has-theme-palette-4-color has-text-color\" data-kb-block=\"kb-adv-heading690_6412b8-cb\">Sainte Maxime \u2013 September 2023<\/p>\n\n<style>.wp-block-kadence-advancedheading.kt-adv-heading690_e72494-37, .wp-block-kadence-advancedheading.kt-adv-heading690_e72494-37[data-kb-block=\"kb-adv-heading690_e72494-37\"]{margin-bottom:var(--global-kb-spacing-sm, 1.5rem);font-style:normal;}.wp-block-kadence-advancedheading.kt-adv-heading690_e72494-37 mark.kt-highlight, .wp-block-kadence-advancedheading.kt-adv-heading690_e72494-37[data-kb-block=\"kb-adv-heading690_e72494-37\"] mark.kt-highlight{font-style:normal;color:#f76a0c;-webkit-box-decoration-break:clone;box-decoration-break:clone;padding-top:0px;padding-right:0px;padding-bottom:0px;padding-left:0px;}<\/style>\n<p class=\"kt-adv-heading690_e72494-37 wp-block-kadence-advancedheading has-theme-palette-3-color has-text-color\" data-kb-block=\"kb-adv-heading690_e72494-37\">Ease into the back-to-school season with these 4 Pilates sessions by the sea!<br>The classes are suitable for all levels; all you need is a workout mat. <br><br><strong>When?<br><\/strong>Every Tuesday from September 5th to September 26th, from 7:30 pm to 8:30 pm. <br><br><strong>Where?<br><\/strong>La Pointe des Sardinaux, above the bunker<br>1st avenue du G\u00e9n\u00e9ral Touzet du Vigier, 83120, Sainte-Maxime<br><br><strong>The program: <\/strong><br>     Tuesday, September 5th: Pilates Recharge<br>     Tuesday, September 12th: Pilates Stretch &amp; Flow<br>     Tuesday, September 19th: Pilates Recharge<br>     Tuesday, September 26th: Pilates Stretch &amp; Flow<\/p>\n\n<p class=\"has-theme-palette-4-color has-theme-palette-7-background-color has-text-color has-background\">Spaces are limited, so if you're tempted to join, don't forget to reserve your spot. <\/p>\n\n<style>.wp-block-kadence-advancedbtn.kb-btns690_0c103c-d0{gap:var(--global-kb-gap-xs, 0.5rem );justify-content:flex-start;align-items:center;}.kt-btns690_0c103c-d0 .kt-button{font-weight:normal;font-style:normal;}<\/style>\n<div class=\"wp-block-kadence-advancedbtn kb-buttons-wrap kb-btns690_0c103c-d0\"><style>ul.menu .wp-block-kadence-advancedbtn .kb-btn690_f15cde-ed.kb-button{width:initial;}.wp-block-kadence-advancedbtn .kb-btn690_f15cde-ed.kb-button{border-top-left-radius:0px;border-top-right-radius:0px;border-bottom-right-radius:0px;border-bottom-left-radius:0px;border-top-color:var(--global-palette2, #2B6CB0);border-top-style:solid;border-right-color:var(--global-palette2, #2B6CB0);border-right-style:solid;border-bottom-color:var(--global-palette2, #2B6CB0);border-bottom-style:solid;border-left-color:var(--global-palette2, #2B6CB0);border-left-style:solid;}.wp-block-kadence-advancedbtn .kb-btn690_f15cde-ed.kb-button:hover, .wp-block-kadence-advancedbtn .kb-btn690_f15cde-ed.kb-button:focus{color:var(--global-palette9, #ffffff);background:var(--global-palette1, #3182CE);border-top-color:#444444;border-top-style:solid;border-right-color:#444444;border-right-style:solid;border-bottom-color:#444444;border-bottom-style:solid;border-left-color:#444444;border-left-style:solid;}@media all and (max-width: 1024px){.wp-block-kadence-advancedbtn .kb-btn690_f15cde-ed.kb-button{border-top-color:var(--global-palette2, #2B6CB0);border-top-style:solid;border-right-color:var(--global-palette2, #2B6CB0);border-right-style:solid;border-bottom-color:var(--global-palette2, #2B6CB0);border-bottom-style:solid;border-left-color:var(--global-palette2, #2B6CB0);border-left-style:solid;}}@media all and (max-width: 1024px){.wp-block-kadence-advancedbtn .kb-btn690_f15cde-ed.kb-button:hover, .wp-block-kadence-advancedbtn .kb-btn690_f15cde-ed.kb-button:focus{border-top-color:#444444;border-top-style:solid;border-right-color:#444444;border-right-style:solid;border-bottom-color:#444444;border-bottom-style:solid;border-left-color:#444444;border-left-style:solid;}}@media all and (max-width: 767px){.wp-block-kadence-advancedbtn .kb-btn690_f15cde-ed.kb-button{border-top-color:var(--global-palette2, #2B6CB0);border-top-style:solid;border-right-color:var(--global-palette2, #2B6CB0);border-right-style:solid;border-bottom-color:var(--global-palette2, #2B6CB0);border-bottom-style:solid;border-left-color:var(--global-palette2, #2B6CB0);border-left-style:solid;}.wp-block-kadence-advancedbtn .kb-btn690_f15cde-ed.kb-button:hover, .wp-block-kadence-advancedbtn .kb-btn690_f15cde-ed.kb-button:focus{border-top-color:#444444;border-top-style:solid;border-right-color:#444444;border-right-style:solid;border-bottom-color:#444444;border-bottom-style:solid;border-left-color:#444444;border-left-style:solid;}}<\/style><a class=\"kb-button kt-button button kb-btn690_f15cde-ed kt-btn-size-standard kt-btn-width-type-auto kb-btn-global-inherit kt-btn-has-text-true kt-btn-has-svg-false wp-block-button__link wp-block-kadence-singlebtn\" href=\"https:\/\/corepilateslab.com\/en\/contacts\/\"><span class=\"kt-btn-inner-text\">FULL<\/span><\/a><\/div><\/div><\/div>\n<\/div><\/div>","protected":false},"excerpt":{"rendered":"<p>Rentr\u00e9e Apais\u00e9e Sainte Maxime &#8211; Septembre 2023 Pr\u00e9pare ta rentr\u00e9e en douceur avec ces 4 sessions de Pilates en face de la mer !Les cours sont adapt\u00e9s \u00e0 tous les niveaux, tu auras seulement besoin de te munir d&rsquo;un tapis de sport. Quand ?Rendez-vous tous les mardis du 5 au 26 septembre, de 19h30 \u00e0&#8230;<\/p>","protected":false},"author":1,"featured_media":0,"parent":0,"menu_order":0,"comment_status":"closed","ping_status":"closed","template":"","meta":{"_kad_post_transparent":"","_kad_post_title":"","_kad_post_layout":"","_kad_post_sidebar_id":"","_kad_post_content_style":"","_kad_post_vertical_padding":"","_kad_post_feature":"","_kad_post_feature_position":"","_kad_post_header":false,"_kad_post_footer":false,"_kad_post_classname":"","footnotes":""},"_links":{"self":[{"href":"https:\/\/corepilateslab.com\/en\/wp-json\/wp\/v2\/pages\/690"}],"collection":[{"href":"https:\/\/corepilateslab.com\/en\/wp-json\/wp\/v2\/pages"}],"about":[{"href":"https:\/\/corepilateslab.com\/en\/wp-json\/wp\/v2\/types\/page"}],"author":[{"embeddable":true,"href":"https:\/\/corepilateslab.com\/en\/wp-json\/wp\/v2\/users\/1"}],"replies":[{"embeddable":true,"href":"https:\/\/corepilateslab.com\/en\/wp-json\/wp\/v2\/comments?post=690"}],"version-history":[{"count":14,"href":"https:\/\/corepilateslab.com\/en\/wp-json\/wp\/v2\/pages\/690\/revisions"}],"predecessor-version":[{"id":1236,"href":"https:\/\/corepilateslab.com\/en\/wp-json\/wp\/v2\/pages\/690\/revisions\/1236"}],"wp:attachment":[{"href":"https:\/\/corepilateslab.com\/en\/wp-json\/wp\/v2\/media?parent=690"}],"curies":[{"name":"wp","href":"https:\/\/api.w.org\/{rel}","templated":true}]}}